{"id":2144,"date":"2018-04-30T09:46:27","date_gmt":"2018-04-30T12:46:27","guid":{"rendered":"http:\/\/bard.mikado-themes.com\/?page_id=2144"},"modified":"2021-05-03T12:48:05","modified_gmt":"2021-05-03T15:48:05","slug":"a-companhia","status":"publish","type":"page","link":"https:\/\/artesanalciadeteatro.com\/pt-br\/a-companhia\/","title":{"rendered":"A companhia"},"content":{"rendered":"<p>[vc_row full_height=&#8221;yes&#8221; row_content_width=&#8221;grid&#8221; parallax_background_image=&#8221;5562&#8243;][vc_column]<div class=\"mkdf-elements-holder    mkdf-one-column  mkdf-responsive-mode-768 \" ><div class=\"mkdf-eh-item    \"  data-item-class=\"mkdf-eh-custom-6220\" data-1366-1600=\"139px 57% 154px 0\" data-1024-1366=\"30px 56% 10px 0\" data-768-1024=\"91px 41% 114px 0\" data-680-768=\"93px 41% 114px 0\" data-680=\"17px 3% 34px 0\">\n\t<div class=\"mkdf-eh-item-inner\">\n\t\t<div class=\"mkdf-eh-item-content mkdf-eh-custom-6220\" style=\"padding: 147px 57% 164px 0\">\n\t\t\t<div class=\"mkdf-section-title-holder  mkdf-st-standard mkdf-st-title-left mkdf-st-normal-space \" >\n\t<div class=\"mkdf-st-inner\">\n\t\t\t\t\t<h2 class=\"mkdf-st-title\" style=\"color: #ffffff\">\n\t\t\t\tSobre n\u00f3s\t\t\t<\/h2>\n\t\t\t\t\t\t\t<h6 class=\"mkdf-st-text\" style=\"color: #ffffff;margin-top: 20px\">\n\t\t\t\tHIST\u00d3RIA DA COMPANHIA\t\t\t<\/h6>\n\t\t\t<\/div>\n<\/div><div class=\"mkdf-section-title-holder  mkdf-st-standard mkdf-st-title-left mkdf-st-normal-space \" >\n\t<div class=\"mkdf-st-inner\">\n\t\t\t\t\t\t\t<p class=\"mkdf-st-text\" style=\"color: #ffffff;margin-top: 30px\">\n\t\t\t\tUma das caracter\u00edsticas marcantes da Artesanal est\u00e1 na qualidade art\u00edstica de suas encena\u00e7\u00f5es, que faz com que o grupo seja uma refer\u00eancia no que se produz para o p\u00fablico infantil e jovem.\t\t\t<\/p>\n\t\t\t<\/div>\n<\/div>\t\t<\/div>\n\t<\/div>\n<\/div><\/div>[\/vc_column][\/vc_row][vc_row row_content_width=&#8221;grid&#8221; css=&#8221;.vc_custom_1524829591807{padding-top: 65px !important;}&#8221;][vc_column offset=&#8221;vc_col-lg-offset-0 vc_col-lg-6 vc_col-md-offset-0 vc_col-md-12 vc_col-sm-offset-0 vc_col-xs-12&#8243;]<div class=\"mkdf-elements-holder    mkdf-one-column  mkdf-responsive-mode-768 \" ><div class=\"mkdf-eh-item    \" style=\"background-image: url(https:\/\/artesanalciadeteatro.com\/wp-content\/uploads\/2020\/10\/fototrajetoriaviagem.jpg)\" data-item-class=\"mkdf-eh-custom-1598\" data-1366-1600=\"446px 0 444px 0\" data-1024-1366=\"458px 0 458px 0\" data-768-1024=\"670px 0 444px 0\" data-680-768=\"670px 0 444px 0\">\n\t<div class=\"mkdf-eh-item-inner\">\n\t\t<div class=\"mkdf-eh-item-content mkdf-eh-custom-1598\" style=\"padding: 446px 0 444px 0\">\n\t\t\t\t\t<\/div>\n\t<\/div>\n<\/div><\/div>[vc_empty_space height=&#8221;25px&#8221;][\/vc_column][vc_column offset=&#8221;vc_col-lg-offset-0 vc_col-lg-6 vc_col-md-offset-0 vc_col-md-12 vc_col-sm-offset-0&#8243;]<div class=\"mkdf-elements-holder    mkdf-one-column  mkdf-responsive-mode-768 \" ><div class=\"mkdf-eh-item    \" style=\"background-color: #e0e0e0\" data-item-class=\"mkdf-eh-custom-2487\" data-1024-1366=\"0 7% 0 5%\" data-768-1024=\"0 22% 0 5%\" data-680-768=\"0 6% 0 5%\">\n\t<div class=\"mkdf-eh-item-inner\">\n\t\t<div class=\"mkdf-eh-item-content mkdf-eh-custom-2487\" style=\"padding: 0 0 0 5%\">\n\t\t\t[vc_row_inner css=&#8221;.vc_custom_1524829065742{padding-top: 81px !important;padding-right: 7% !important;padding-bottom: 92px !important;padding-left: 5% !important;}&#8221;][vc_column_inner]<div class=\"mkdf-section-title-holder  mkdf-st-standard mkdf-st-title-left mkdf-st-normal-space \" >\n\t<div class=\"mkdf-st-inner\">\n\t\t\t\t\t<h3 class=\"mkdf-st-title\" >\n\t\t\t\tTrajet\u00f3ria\t\t\t<\/h3>\n\t\t\t\t\t<\/div>\n<\/div><div class=\"mkdf-section-title-holder  mkdf-st-standard mkdf-st-title-left mkdf-st-normal-space \" >\n\t<div class=\"mkdf-st-inner\">\n\t\t\t\t\t\t\t<p class=\"mkdf-st-text\" style=\"margin-top: 27px\">\n\t\t\t\tCom uma linguagem inovadora e contempor\u00e2nea, a Artesanal Cia. de Teatro acumula, desde sua cria\u00e7\u00e3o em 1995, diversas indica\u00e7\u00f5es e pr\u00eamios relevantes, com amplo reconhecimento por parte do p\u00fablico, imprensa e cr\u00edtica.\t\t\t<\/p>\n\t\t\t<\/div>\n<\/div><div class=\"mkdf-section-title-holder  mkdf-st-standard mkdf-st-title-left mkdf-st-normal-space \" >\n\t<div class=\"mkdf-st-inner\">\n\t\t\t\t\t\t\t<p class=\"mkdf-st-text\" style=\"margin-top: 26px\">\n\t\t\t\tO grupo investe na pesquisa de uma linguagem narrativa, que se fundamenta na converg\u00eancia de diversas t\u00e9cnicas, como o teatro de bonecos, sombra, m\u00e1scaras, canto, cinema e videografismos, sempre colocando o ator no centro da encena\u00e7\u00e3o e estimulando o di\u00e1logo proporcionado entre essas t\u00e9cnicas e a cena no palco.\t\t\t<\/p>\n\t\t\t<\/div>\n<\/div><div class=\"mkdf-section-title-holder  mkdf-st-standard mkdf-st-title-left mkdf-st-normal-space \" >\n\t<div class=\"mkdf-st-inner\">\n\t\t\t\t\t\t\t<p class=\"mkdf-st-text\" style=\"margin-top: 26px\">\n\t\t\t\tRecentemente, a Artesanal vem tamb\u00e9m investindo na pesquisa de uma dramaturgia contempor\u00e2nea para o p\u00fablico jovem, embasada em um intenso estudo de autores e encena\u00e7\u00f5es realizadas para esse p\u00fablico espec\u00edfico em todo o mundo.\t\t\t<\/p>\n\t\t\t<\/div>\n<\/div><div class=\"mkdf-section-title-holder  mkdf-st-standard mkdf-st-title-left mkdf-st-normal-space \" >\n\t<div class=\"mkdf-st-inner\">\n\t\t\t\t\t\t\t<p class=\"mkdf-st-text\" style=\"margin-top: 26px\">\n\t\t\t\tCom apurado rigor est\u00e9tico, dramaturgia inteligente e produ\u00e7\u00f5es bem cuidadas, a Artesanal apresenta um trabalho autoral, capaz de agradar o p\u00fablico de todas as idades. Em todos esses anos, o grupo \u00e9 tido como uma refer\u00eancia nacional e internacional, tendo se apresentado em pa\u00edses como Alemanha e China.\t\t\t<\/p>\n\t\t\t<\/div>\n<\/div>[vc_empty_space height=&#8221;48px&#8221;]<a itemprop=\"url\" href=\"https:\/\/artesanalciadeteatro.com\/espetaculos\/\" target=\"_self\" style=\"text-transform: uppercase\" class=\"mkdf-btn mkdf-btn-medium mkdf-btn-outline mkdf-btn-custom-hover-bg mkdf-btn-custom-hover-color mkdf-btn-animation\" data-hover-color=\"#ffffff\" data-hover-bg-color=\"#000000\" >\n\t\t\t<span class=\"mkdf-btn-lines\">\n\t\t\t<span class=\"mkdf-btn-line\" ><\/span>\n\t\t\t<span class=\"mkdf-btn-line\" ><\/span>\n\t\t\t<span class=\"mkdf-btn-line\" ><\/span>\n\t\t\t<span class=\"mkdf-btn-line\" ><\/span>\n\t\t<\/span>\n\t\t<span class=\"mkdf-btn-text\">Espet\u00e1culos<\/span>\n    <\/a>[\/vc_column_inner][\/vc_row_inner]\t\t<\/div>\n\t<\/div>\n<\/div><\/div>[vc_empty_space height=&#8221;25px&#8221;][\/vc_column][\/vc_row][vc_row row_content_width=&#8221;grid&#8221; content_text_aligment=&#8221;center&#8221;][vc_column]<div class=\"mkdf-banner-holder  mkdf-visible-on-default mkdf-banner-info-centered\">\n    <div class=\"mkdf-banner-image\">\n        <img width=\"1300\" height=\"500\" src=\"https:\/\/artesanalciadeteatro.com\/wp-content\/uploads\/2020\/08\/contato-03.jpg\" class=\"attachment-full size-full\" alt=\"\" loading=\"lazy\" srcset=\"https:\/\/artesanalciadeteatro.com\/wp-content\/uploads\/2020\/08\/contato-03.jpg 1300w, https:\/\/artesanalciadeteatro.com\/wp-content\/uploads\/2020\/08\/contato-03-300x115.jpg 300w, https:\/\/artesanalciadeteatro.com\/wp-content\/uploads\/2020\/08\/contato-03-1024x394.jpg 1024w, https:\/\/artesanalciadeteatro.com\/wp-content\/uploads\/2020\/08\/contato-03-768x295.jpg 768w\" sizes=\"(max-width: 1300px) 100vw, 1300px\" \/>    <\/div>\n    <div class=\"mkdf-banner-text-holder\" >\n\t    <div class=\"mkdf-banner-text-outer mkdf-banner-full-width\">\n\t\t    <div class=\"mkdf-banner-text-inner\">\n\t\t\t    \t\t        \t\t\t\t\t\t\t<\/div>\n\t\t<\/div>\n\t<\/div>\n\t<\/div>[\/vc_column][\/vc_row][vc_row equal_height=&#8221;yes&#8221; row_content_width=&#8221;grid&#8221; css=&#8221;.vc_custom_1525684527204{padding-top: 25px !important;}&#8221;][vc_column offset=&#8221;vc_col-lg-offset-0 vc_col-lg-6 vc_col-md-offset-0 vc_col-md-12 vc_col-sm-offset-0&#8243;]<div class=\"mkdf-info-box-holder   mkdf-title-width-wide   mkdf-button-skin-light  \">\n\t<div class=\"mkdf-info-box-inner mkdf-info-box-custom-7765\" style=\"padding: 0px 45% 50px 8.8%\" data-item-class=\"mkdf-info-box-custom-7765\" data-768-1024=\"0px 56% 50px 8.8%\" data-680-768=\"0px 47% 50px 8.8%\" data-680=\"0px 20% 50px 8.8%\">\n\t\t<div class=\"mkdf-info-box-content\">\n\t\t\t\t\t\t\t<h3 class=\"mkdf-info-box-title\" style=\"color: #ffffff;margin: 752px 10% 6px -4px\">\n\t\t\t\t\tAssista nossos espet\u00e1culos\t\t\t\t<\/h3>\n\t\t\t\t\t\t\t\t\t\t\t\t\t\t\t\t<div class=\"mkdf-info-box-button\" style=\"margin-top: 54px\">\n\t\t\t\t\t<a itemprop=\"url\" href=\"https:\/\/artesanalciadeteatro.com\/agenda\/\" target=\"_self\"  class=\"mkdf-btn mkdf-btn-medium mkdf-btn-outline mkdf-btn-animation\"  >\t\t\t<span class=\"mkdf-btn-lines\">\t\t\t<span class=\"mkdf-btn-line\" ><\/span>\t\t\t<span class=\"mkdf-btn-line\" ><\/span>\t\t\t<span class=\"mkdf-btn-line\" ><\/span>\t\t\t<span class=\"mkdf-btn-line\" ><\/span>\t\t<\/span>\t\t<span class=\"mkdf-btn-text\">Assista<\/span>    <\/a>\t\t\t\t<\/div>\n\t\t\t\t\t<\/div>\n\t<\/div>\n\t\t\t<div class=\"mkdf-info-box-image\"  style=\"background-image: url(https:\/\/artesanalciadeteatro.com\/wp-content\/uploads\/2020\/08\/contato-04-artesanal-cia-de-teatro.jpg)\"><\/div>\n\t<\/div>[vc_empty_space height=&#8221;25px&#8221;][\/vc_column][vc_column offset=&#8221;vc_col-lg-offset-0 vc_col-lg-6 vc_col-md-offset-0 vc_col-md-12 vc_col-sm-offset-0&#8243;]<div class=\"mkdf-elements-holder    mkdf-one-column  mkdf-responsive-mode-768 \" ><div class=\"mkdf-eh-item    \" style=\"background-image: url(https:\/\/artesanalciadeteatro.com\/wp-content\/uploads\/2020\/10\/fototrajetorialudwig.jpg)\" data-item-class=\"mkdf-eh-custom-3084\">\n\t<div class=\"mkdf-eh-item-inner\">\n\t\t<div class=\"mkdf-eh-item-content mkdf-eh-custom-3084\" style=\"padding: 259px 0 260px 0\">\n\t\t\t\t\t<\/div>\n\t<\/div>\n<\/div><\/div>[vc_empty_space height=&#8221;25px&#8221;]<div class=\"mkdf-elements-holder    mkdf-one-column  mkdf-responsive-mode-768 \" ><div class=\"mkdf-eh-item    \" style=\"background-color: #e0e0e0\" data-item-class=\"mkdf-eh-custom-2938\" data-1366-1600=\"102px 17% 11px 7.3%\" data-768-1024=\"102px 17% 111px 8.6%\" data-680-768=\"102px 17% 111px 8.6%\">\n\t<div class=\"mkdf-eh-item-inner\">\n\t\t<div class=\"mkdf-eh-item-content mkdf-eh-custom-2938\" style=\"padding: 43px 17% 16px 7.3%\">\n\t\t\t<div class=\"mkdf-section-title-holder  mkdf-st-standard mkdf-st-title-left mkdf-st-normal-space \" >\n\t<div class=\"mkdf-st-inner\">\n\t\t\t\t\t<h3 class=\"mkdf-st-title\" >\n\t\t\t\tContato:\t\t\t<\/h3>\n\t\t\t\t\t<\/div>\n<\/div>\n<div class=\"wpcf7 no-js\" id=\"wpcf7-f5-o1\" lang=\"pt-BR\" dir=\"ltr\">\n<div class=\"screen-reader-response\"><p role=\"status\" aria-live=\"polite\" aria-atomic=\"true\"><\/p> <ul><\/ul><\/div>\n<form action=\"\/pt-br\/wp-json\/wp\/v2\/pages\/2144#wpcf7-f5-o1\" method=\"post\" class=\"wpcf7-form init cf7_custom_style_3\" aria-label=\"Formul\u00e1rios de contato\" novalidate=\"novalidate\" data-status=\"init\">\n<div style=\"display: none;\">\n<input type=\"hidden\" name=\"_wpcf7\" value=\"5\" \/>\n<input type=\"hidden\" name=\"_wpcf7_version\" value=\"5.7.7\" \/>\n<input type=\"hidden\" name=\"_wpcf7_locale\" value=\"pt_BR\" \/>\n<input type=\"hidden\" name=\"_wpcf7_unit_tag\" value=\"wpcf7-f5-o1\" \/>\n<input type=\"hidden\" name=\"_wpcf7_container_post\" value=\"0\" \/>\n<input type=\"hidden\" name=\"_wpcf7_posted_data_hash\" value=\"\" \/>\n<input type=\"hidden\" name=\"_wpcf7_recaptcha_response\" value=\"\" \/>\n<\/div>\n<div class=\"qodef-cf-light\">\n\t<p><span class=\"wpcf7-form-control-wrap\" data-name=\"your-name\"><input size=\"40\" class=\"wpcf7-form-control wpcf7-text wpcf7-validates-as-required\" aria-required=\"true\" aria-invalid=\"false\" placeholder=\"Nome\" value=\"\" type=\"text\" name=\"your-name\" \/><\/span><br \/>\n<span class=\"wpcf7-form-control-wrap\" data-name=\"your-email\"><input size=\"40\" class=\"wpcf7-form-control wpcf7-text wpcf7-email wpcf7-validates-as-required wpcf7-validates-as-email\" aria-required=\"true\" aria-invalid=\"false\" placeholder=\"E-mail\" value=\"\" type=\"email\" name=\"your-email\" \/><\/span><br \/>\n<span class=\"wpcf7-form-control-wrap\" data-name=\"txtMensagem\"><textarea cols=\"10\" rows=\"2\" class=\"wpcf7-form-control wpcf7-textarea wpcf7-validates-as-required\" aria-required=\"true\" aria-invalid=\"false\" placeholder=\"Envie sua mensagem\" name=\"txtMensagem\"><\/textarea><\/span>\n\t<\/p>\n\t<p><input class=\"wpcf7-form-control has-spinner wpcf7-submit\" type=\"submit\" value=\"Enviar\" \/>\n\t<\/p>\n<\/div><p style=\"display: none !important;\" class=\"akismet-fields-container\" data-prefix=\"_wpcf7_ak_\"><label>&#916;<textarea name=\"_wpcf7_ak_hp_textarea\" cols=\"45\" rows=\"8\" maxlength=\"100\"><\/textarea><\/label><input type=\"hidden\" id=\"ak_js_1\" name=\"_wpcf7_ak_js\" value=\"194\"\/><script>document.getElementById( \"ak_js_1\" ).setAttribute( \"value\", ( new Date() ).getTime() );<\/script><\/p><div class=\"wpcf7-response-output\" aria-hidden=\"true\"><\/div>\n<\/form>\n<\/div>\n[vc_empty_space height=&#8221;22px&#8221;]\t\t<\/div>\n\t<\/div>\n<\/div><\/div>[vc_empty_space][\/vc_column][\/vc_row][vc_row disable_element=&#8221;yes&#8221; content_text_aligment=&#8221;center&#8221; css=&#8221;.vc_custom_1595342418544{margin-right: 65px !important;margin-left: 65px !important;padding-top: 41px !important;padding-bottom: 65px !important;}&#8221;][vc_column width=&#8221;1\/3&#8243; css=&#8221;.vc_custom_1525968108587{border-left-width: 1px !important;border-left-color: #cccccc !important;border-left-style: solid !important;border-radius: 1px !important;}&#8221; offset=&#8221;vc_col-xs-12&#8243; el_class=&#8221;col-without-border-responsive&#8221;]<div class=\"mkdf-elements-holder    mkdf-one-column  mkdf-responsive-mode-768 \" ><div class=\"mkdf-eh-item    \"  data-item-class=\"mkdf-eh-custom-9815\">\n\t<div class=\"mkdf-eh-item-inner\">\n\t\t<div class=\"mkdf-eh-item-content mkdf-eh-custom-9815\" style=\"padding: 126px 0 134px\">\n\t\t\t<h2 class=\"mkdf-custom-font-holder  mkdf-cf-6575  \" style=\"font-family: Crimson Text;font-size: 90px;font-weight: 600;color: #e1e1e1\" data-item-class=\"mkdf-cf-6575\">\n<a class=\"mkdf-custom-font-link\" itemprop=\"url\" href=\"https:\/\/www.facebook.com\/\" target=\"_blank\">\n\tfb<\/a>\n<\/h2>\t\t<\/div>\n\t<\/div>\n<\/div><\/div>[\/vc_column][vc_column width=&#8221;1\/3&#8243; css=&#8221;.vc_custom_1525968126755{border-right-width: 1px !important;border-left-width: 1px !important;border-left-color: #cccccc !important;border-left-style: solid !important;border-right-color: #cccccc !important;border-right-style: solid !important;}&#8221; offset=&#8221;vc_col-xs-12&#8243; el_class=&#8221;col-without-border-responsive&#8221;]<div class=\"mkdf-elements-holder    mkdf-one-column  mkdf-responsive-mode-768 \" ><div class=\"mkdf-eh-item    \"  data-item-class=\"mkdf-eh-custom-7487\">\n\t<div class=\"mkdf-eh-item-inner\">\n\t\t<div class=\"mkdf-eh-item-content mkdf-eh-custom-7487\" style=\"padding: 126px 0 134px\">\n\t\t\t<h2 class=\"mkdf-custom-font-holder  mkdf-cf-6155  \" style=\"font-family: Crimson Text;font-size: 90px;font-weight: 600;color: #e1e1e1\" data-item-class=\"mkdf-cf-6155\">\n<a class=\"mkdf-custom-font-link\" itemprop=\"url\" href=\"https:\/\/www.linkedin.com\/\" target=\"_blank\">\n\tin<\/a>\n<\/h2>\t\t<\/div>\n\t<\/div>\n<\/div><\/div>[\/vc_column][vc_column width=&#8221;1\/3&#8243; css=&#8221;.vc_custom_1525968145151{border-right-width: 1px !important;padding-left: 1px !important;border-right-color: #cccccc !important;border-right-style: solid !important;border-radius: 1px !important;}&#8221; offset=&#8221;vc_col-xs-12&#8243; el_class=&#8221;col-without-border-responsive&#8221;]<div class=\"mkdf-elements-holder    mkdf-one-column  mkdf-responsive-mode-768 \" ><div class=\"mkdf-eh-item    \"  data-item-class=\"mkdf-eh-custom-4311\">\n\t<div class=\"mkdf-eh-item-inner\">\n\t\t<div class=\"mkdf-eh-item-content mkdf-eh-custom-4311\" style=\"padding: 126px 0 134px\">\n\t\t\t<h2 class=\"mkdf-custom-font-holder  mkdf-cf-6527  \" style=\"font-family: Crimson Text;font-size: 90px;font-weight: 600;color: #e1e1e1\" data-item-class=\"mkdf-cf-6527\">\n<a class=\"mkdf-custom-font-link\" itemprop=\"url\" href=\"https:\/\/twitter.com\/\" target=\"_blank\">\n\ttw<\/a>\n<\/h2>\t\t<\/div>\n\t<\/div>\n<\/div><\/div>[\/vc_column][\/vc_row]<\/p>\n","protected":false},"excerpt":{"rendered":"<p>[vc_row full_height=&#8221;yes&#8221; row_content_width=&#8221;grid&#8221; parallax_background_image=&#8221;5562&#8243;][vc_column][\/vc_column][\/vc_row][vc_row row_content_width=&#8221;grid&#8221; css=&#8221;.vc_custom_1524829591807{padding-top: 65px !important;}&#8221;][vc_column offset=&#8221;vc_col-lg-offset-0 vc_col-lg-6 vc_col-md-offset-0 vc_col-md-12 vc_col-sm-offset-0 vc_col-xs-12&#8243;][vc_empty_space height=&#8221;25px&#8221;][\/vc_column][vc_column offset=&#8221;vc_col-lg-offset-0 vc_col-lg-6 vc_col-md-offset-0 vc_col-md-12 vc_col-sm-offset-0&#8243;][vc_empty_space height=&#8221;25px&#8221;][\/vc_column][\/vc_row][vc_row row_content_width=&#8221;grid&#8221; content_text_aligment=&#8221;center&#8221;][vc_column][\/vc_column][\/vc_row][vc_row equal_height=&#8221;yes&#8221; row_content_width=&#8221;grid&#8221; css=&#8221;.vc_custom_1525684527204{padding-top: 25px !important;}&#8221;][vc_column offset=&#8221;vc_col-lg-offset-0 vc_col-lg-6 vc_col-md-offset-0 vc_col-md-12 vc_col-sm-offset-0&#8243;][vc_empty_space height=&#8221;25px&#8221;][\/vc_column][vc_column offset=&#8221;vc_col-lg-offset-0 vc_col-lg-6 vc_col-md-offset-0 vc_col-md-12 vc_col-sm-offset-0&#8243;][vc_empty_space height=&#8221;25px&#8221;][vc_empty_space][\/vc_column][\/vc_row][vc_row disable_element=&#8221;yes&#8221; content_text_aligment=&#8221;center&#8221; css=&#8221;.vc_custom_1595342418544{margin-right: 65px !important;margin-left: 65px !important;padding-top: 41px !important;padding-bottom: 65px !important;}&#8221;][vc_column width=&#8221;1\/3&#8243; css=&#8221;.vc_custom_1525968108587{border-left-width: 1px !important;border-left-color: #cccccc !important;border-left-style: solid [&hellip;]<\/p>\n","protected":false},"author":1,"featured_media":0,"parent":0,"menu_order":2,"comment_status":"closed","ping_status":"closed","template":"full-width.php","meta":[],"_links":{"self":[{"href":"https:\/\/artesanalciadeteatro.com\/pt-br\/wp-json\/wp\/v2\/pages\/2144"}],"collection":[{"href":"https:\/\/artesanalciadeteatro.com\/pt-br\/wp-json\/wp\/v2\/pages"}],"about":[{"href":"https:\/\/artesanalciadeteatro.com\/pt-br\/wp-json\/wp\/v2\/types\/page"}],"author":[{"embeddable":true,"href":"https:\/\/artesanalciadeteatro.com\/pt-br\/wp-json\/wp\/v2\/users\/1"}],"replies":[{"embeddable":true,"href":"https:\/\/artesanalciadeteatro.com\/pt-br\/wp-json\/wp\/v2\/comments?post=2144"}],"version-history":[{"count":57,"href":"https:\/\/artesanalciadeteatro.com\/pt-br\/wp-json\/wp\/v2\/pages\/2144\/revisions"}],"predecessor-version":[{"id":6395,"href":"https:\/\/artesanalciadeteatro.com\/pt-br\/wp-json\/wp\/v2\/pages\/2144\/revisions\/6395"}],"wp:attachment":[{"href":"https:\/\/artesanalciadeteatro.com\/pt-br\/wp-json\/wp\/v2\/media?parent=2144"}],"curies":[{"name":"wp","href":"https:\/\/api.w.org\/{rel}","templated":true}]}}